{"id":936,"date":"2019-07-15T19:51:58","date_gmt":"2019-07-15T19:51:58","guid":{"rendered":"https:\/\/paavilaisentalli.net\/?page_id=936"},"modified":"2026-04-26T19:16:16","modified_gmt":"2026-04-26T19:16:16","slug":"all-laid-out","status":"publish","type":"page","link":"https:\/\/paavilaisentalli.net\/?page_id=936","title":{"rendered":"All Laid Out"},"content":{"rendered":"<p><strong>09,5aly 357 491 \u20ac<\/strong><\/p>\n<table id=\"pedigree\" border=\"1\" width=\"100%\">\n<tbody>\n<tr>\n<td rowspan=\"4\" width=\"145\">Yankee Glide<br \/>10,2a<\/td>\n<td rowspan=\"2\" width=\"164\">Valley Victory 11,8a<\/td>\n<td width=\"273\">Baltic Speed 11,2a<\/td>\n<\/tr>\n<tr>\n<td>Valley Victoria 15,3a<\/td>\n<\/tr>\n<tr>\n<td rowspan=\"2\">Gratis Yankee 14,7a<\/td>\n<td>Speedy Crown 12,8a<\/td>\n<\/tr>\n<tr>\n<td>Yankee Flight 18,1a<\/td>\n<\/tr>\n<tr>\n<td rowspan=\"4\">Adelaide Hall<br \/>13,2a<\/td>\n<td rowspan=\"2\">Conway Hall 10,5a<\/td>\n<td>Garland Lobell 11,8a<\/td>\n<\/tr>\n<tr>\n<td>Amour Angus 16,6a<\/td>\n<\/tr>\n<tr>\n<td rowspan=\"2\">American Splendor<\/td>\n<td>American Winner 10,0a<\/td>\n<\/tr>\n<tr>\n<td>Duchess Lobell 12,6a<\/td>\n<\/tr>\n<\/tbody>\n<\/table>\n<h1><span style=\"font-family: Ubuntu;\">Yankee Glide &#8211; Adelaide Hall &#8211;\u00a0 Conway Hall<\/span><\/h1>\n\n\n<figure class=\"wp-block-image size-full\"><a href=\"https:\/\/paavilaisentalli.net\/wp-content\/uploads\/2024\/02\/78426d94a02cefb8fa3fe16543cc097e.jpg\"><img loading=\"lazy\" decoding=\"async\" width=\"378\" height=\"567\" src=\"https:\/\/paavilaisentalli.net\/wp-content\/uploads\/2024\/02\/78426d94a02cefb8fa3fe16543cc097e.jpg\" alt=\"\" class=\"wp-image-1080\" srcset=\"https:\/\/paavilaisentalli.net\/wp-content\/uploads\/2024\/02\/78426d94a02cefb8fa3fe16543cc097e.jpg 378w, https:\/\/paavilaisentalli.net\/wp-content\/uploads\/2024\/02\/78426d94a02cefb8fa3fe16543cc097e-200x300.jpg 200w\" sizes=\"auto, (max-width: 378px) 100vw, 378px\" \/><\/a><\/figure>\n\n\n\n<p><strong>ALL LAID OUT ON HUIPPUPERIYTT\u00c4J\u00c4<\/strong><\/p>\n\n\n\n<p>All Laid Out j\u00e4tt\u00e4\u00e4 voitontahtoisia ja vahvoja j\u00e4lkel\u00e4isi\u00e4. Kriteriumin SE-ajalla 13,2akp voittanut PLANBEE 166 500 \u20ac (voitto% 25), v\u00e4kivahva TROOPERS 11,6aly 89 185 \u20ac (voitto% 29), Jokimaa Tekee T\u00e4hti\u00e4-kisan voittanut LET\u2019S GET IT UP 11,9aly 110 910 \u20ac (voitto% 28), JUST A FLIRT 11,3aly 67 721 \u20ac (voitto% 29), Hambon huippuajalla 13,0ake voittanut IRONDANGER 29 260 \u20ac (voitto% 33), mm. tammadivisionafinaalin voittanut AVA ARIANA 14,2ake 40 320 \u20ac sek\u00e4 monta muuta.<\/p>\n\n\n\n<p>R\u00e4j\u00e4ht\u00e4v\u00e4 nopeus ja vahva loppukiri olivat All Laid Outin ase USA:n kovia kilpakumppaneita vastaan. N\u00e4it\u00e4 samoja ominaisuuksia All Laid Out on j\u00e4tt\u00e4nyt my\u00f6s varsoihinsa.<\/p>\n\n\n\n<p>Em\u00e4 Adelaide Hall (13,2a) oli huippuperiytt\u00e4j\u00e4, jonka j\u00e4lkel\u00e4iset tienasivat yhteens\u00e4 l\u00e4hes 1,5 miljoonaa dollaria ja viiden varsan enn\u00e4tys on alle 11,5a! Adelaide Hallin varsat menestyiv\u00e4t hyvin Amerikan kovissa ik\u00e4luokkal\u00e4hd\u00f6iss\u00e4 ja ne olivat haluttuja my\u00f6s huutokaupoissa.<br><\/p>\n\n\n\n<p>ALL LAID OUT on j\u00e4tt\u00e4nyt hyvi\u00e4 varsoja pienist\u00e4 ik\u00e4luokista, ainoa yli 30 varsan ik\u00e4luokka on t\u00e4n\u00e4 vuonna<br>vasta 2-vuotiaita.<br><br>Jos haluat kasvattaa voitokkaan varsan, valitse ALL LAID OUT!<\/p>\n\n\n\n<p><\/p>\n\n\n\n<p><strong>Maksut 202<\/strong>6<\/p>\n\n\n\n<p>Varausmaksu: 320 \u20ac + ELL-kulut <br>Siirrot sopimuksen mukaan<br>Varsamaksu: 1 200 \u20ac<br>(Hinnat sis\u00e4lt\u00e4v\u00e4t arvonlis\u00e4veron 25,5 %)<\/p>\n","protected":false},"excerpt":{"rendered":"<p>09,5aly 357 491 \u20ac Yankee Glide10,2a Valley Victory 11,8a Baltic Speed 11,2a Valley Victoria 15,3a Gratis Yankee 14,7a Speedy Crown 12,8a Yankee Flight 18,1a Adelaide Hall13,2a Conway Hall 10,5a Garland Lobell 11,8a Amour Angus 16,6a American Splendor American Winner 10,0a Duchess Lobell 12,6a Yankee Glide &#8211; Adelaide Hall &#8211;\u00a0 Conway Hall ALL LAID OUT ON [&hellip;]<\/p>\n","protected":false},"author":4,"featured_media":0,"parent":388,"menu_order":0,"comment_status":"closed","ping_status":"closed","template":"","meta":{"footnotes":""},"class_list":["post-936","page","type-page","status-publish","hentry"],"_links":{"self":[{"href":"https:\/\/paavilaisentalli.net\/index.php?rest_route=\/wp\/v2\/pages\/936","targetHints":{"allow":["GET"]}}],"collection":[{"href":"https:\/\/paavilaisentalli.net\/index.php?rest_route=\/wp\/v2\/pages"}],"about":[{"href":"https:\/\/paavilaisentalli.net\/index.php?rest_route=\/wp\/v2\/types\/page"}],"author":[{"embeddable":true,"href":"https:\/\/paavilaisentalli.net\/index.php?rest_route=\/wp\/v2\/users\/4"}],"replies":[{"embeddable":true,"href":"https:\/\/paavilaisentalli.net\/index.php?rest_route=%2Fwp%2Fv2%2Fcomments&post=936"}],"version-history":[{"count":15,"href":"https:\/\/paavilaisentalli.net\/index.php?rest_route=\/wp\/v2\/pages\/936\/revisions"}],"predecessor-version":[{"id":1102,"href":"https:\/\/paavilaisentalli.net\/index.php?rest_route=\/wp\/v2\/pages\/936\/revisions\/1102"}],"up":[{"embeddable":true,"href":"https:\/\/paavilaisentalli.net\/index.php?rest_route=\/wp\/v2\/pages\/388"}],"wp:attachment":[{"href":"https:\/\/paavilaisentalli.net\/index.php?rest_route=%2Fwp%2Fv2%2Fmedia&parent=936"}],"curies":[{"name":"wp","href":"https:\/\/api.w.org\/{rel}","templated":true}]}}