{"id":388,"date":"2013-04-01T19:47:17","date_gmt":"2013-04-01T19:47:17","guid":{"rendered":"https:\/\/paavilaisentalli.net\/?page_id=388"},"modified":"2025-03-13T20:13:10","modified_gmt":"2025-03-13T20:13:10","slug":"oriit-2013","status":"publish","type":"page","link":"https:\/\/paavilaisentalli.net\/?page_id=388","title":{"rendered":"Oriit 2025"},"content":{"rendered":"\n<p><a href=\"https:\/\/paavilaisentalli.net\/?page_id=936\">All Laid Out<\/a><\/p>\n\n\n\n<p><a href=\"https:\/\/paavilaisentalli.net\/?page_id=1073\" data-type=\"page\" data-id=\"1073\">Uncle Lasse<\/a><\/p>\n\n\n\n<p><a href=\"https:\/\/paavilaisentalli.net\/?page_id=1047\" data-type=\"page\" data-id=\"1047\">Win B.Hill<\/a><\/p>\n\n\n\n<p><a href=\"https:\/\/paavilaisentalli.net\/?page_id=960\">S\u00e4ihkeen S\u00e4pin\u00e4<\/a><\/p>\n\n\n\n<p><a href=\"https:\/\/paavilaisentalli.net\/?page_id=1009\" data-type=\"page\" data-id=\"1009\">M S Triple J<\/a><\/p>\n\n\n\n<p><a href=\"https:\/\/paavilaisentalli.net\/?page_id=1020\" data-type=\"page\" data-id=\"1020\">Il Villaggio<\/a><\/p>\n\n\n\n<p><\/p>\n\n\n\n<p><\/p>\n","protected":false},"excerpt":{"rendered":"<p>All Laid Out Uncle Lasse Win B.Hill S\u00e4ihkeen S\u00e4pin\u00e4 M S Triple J Il Villaggio<\/p>\n","protected":false},"author":3,"featured_media":0,"parent":0,"menu_order":0,"comment_status":"closed","ping_status":"closed","template":"","meta":{"footnotes":""},"class_list":["post-388","page","type-page","status-publish","hentry"],"_links":{"self":[{"href":"https:\/\/paavilaisentalli.net\/index.php?rest_route=\/wp\/v2\/pages\/388","targetHints":{"allow":["GET"]}}],"collection":[{"href":"https:\/\/paavilaisentalli.net\/index.php?rest_route=\/wp\/v2\/pages"}],"about":[{"href":"https:\/\/paavilaisentalli.net\/index.php?rest_route=\/wp\/v2\/types\/page"}],"author":[{"embeddable":true,"href":"https:\/\/paavilaisentalli.net\/index.php?rest_route=\/wp\/v2\/users\/3"}],"replies":[{"embeddable":true,"href":"https:\/\/paavilaisentalli.net\/index.php?rest_route=%2Fwp%2Fv2%2Fcomments&post=388"}],"version-history":[{"count":28,"href":"https:\/\/paavilaisentalli.net\/index.php?rest_route=\/wp\/v2\/pages\/388\/revisions"}],"predecessor-version":[{"id":1099,"href":"https:\/\/paavilaisentalli.net\/index.php?rest_route=\/wp\/v2\/pages\/388\/revisions\/1099"}],"wp:attachment":[{"href":"https:\/\/paavilaisentalli.net\/index.php?rest_route=%2Fwp%2Fv2%2Fmedia&parent=388"}],"curies":[{"name":"wp","href":"https:\/\/api.w.org\/{rel}","templated":true}]}}