{"id":31,"date":"2011-08-15T17:50:19","date_gmt":"2011-08-15T17:50:19","guid":{"rendered":"http:\/\/demo.summitmedia.fi\/paavilaisentalli\/?page_id=31"},"modified":"2022-02-03T20:22:39","modified_gmt":"2022-02-03T20:22:39","slug":"tammat","status":"publish","type":"page","link":"https:\/\/paavilaisentalli.net\/?page_id=31","title":{"rendered":"Tammat"},"content":{"rendered":"<p><strong>CHANDELIER kant. ALL LAID OUT<\/strong><br \/>Cantab Hall 08,9 &#8211; Brylin Starlet 14,0 &#8211; Balanced Image 13,1<\/p>\n<p><strong>DREAMLINER 13,8 kant. PILGRIMS TAJ<\/strong><br \/>Scarlet Knight 10,0a &#8211; Yatzy Brodda 10,7 &#8211; Alf Palema 11,2<\/p>\n<p><strong>GLITZ MATCH kant. BIG APPLE DELI<\/strong><br \/>Yankee Glide 11,6 &#8211; North Country Fair 15,3 &#8211; Credit Winner 10,6<\/p>\n<p><strong>GONE WITH WINDSONG 15,1 kant. PATO<\/strong><br \/>Windsong\u2019s Legacy 10,2 &#8211; Pull Your Chain 14,3 &#8211; Muscles Yankee 9,9<\/p>\n<p><strong>HANKYPANKY PEARL 13,0 kant. PATO<\/strong><br \/>Love You 10,7 &#8211; HankyPanky Pie 15,1 &#8211; Lindy\u2019s Crown 11,3<\/p>\n<p><strong>ONIKA L.B. 12,7 kant. DAY OR NIGHT IN<\/strong><br \/>Credit Winner 10,6 &#8211; Uneven Rail 13,9 &#8211; Donerail 11,2<\/p>\n<p><strong>POPPY TROT 12,7 kant. PILGRIMS TAJ<\/strong><br \/>Credit Winner 10,6 &#8211; Yankee Bacall 12,8 &#8211; Sierra Kosmos 10,7<\/p>\n<p><strong>PRECIOUSMETAL U.S. 11,5 kant. JONESY<\/strong><br \/>Conway Hall 10,5 &#8211; Golde Mine Ambrosio &#8211; Pine Chip 09,6<\/p>\n<p><strong>RANCH I DO I DO 12,6 kant. PILGIRMS TAJ<\/strong><br \/>Love You 10,7 &#8211; Dansk 17,5 &#8211; Bonefish 1,35<\/p>\n<p><strong>ROSY CHEEKS 13,2 kant. FOURTH DIMENSION<\/strong><br \/>Going Kronos 9,9 &#8211; Jeune Fille 12,7 &#8211; Express Ride 10,2<\/p>\n<p><strong>SEABREEZE BLUECHIP 11,5 kant. BIG APPLE DELI<\/strong><br \/>Yankee Glide 11,6 &#8211; Spring Thaw &#8211; Super Bowl 12,3<\/p>\n<p><strong>TI AMO FACE 12,9 kant. PILGRIMS TAJ<\/strong><br \/>Joke Face 10,3 &#8211; Superior Glide &#8211; Yankee Glide 11,6<\/p>\n<p><strong>WINGSPAN kant. ALL LAID OUT<\/strong><br \/>Scarlet Knight 10,0 &#8211; Rose The Goal 12,7 &#8211; Armbro Goal 11,2<\/p>\n<p><strong>YAW DAMPER 13,0 kant. ALL LAID OUT<\/strong><br \/>Scarlet Knight 10,0 &#8211; Dana Di Ala 15,3 &#8211; Supergill 10,6<\/p>\n<p><strong>LENTO-ELLI kant. S\u00c4IHKEEN S\u00c4PIN\u00c4<\/strong><br \/>Pauskeri 22,3 &#8211; Lento-Esteri 22,7 &#8211; Pysteri 21,7<\/p>\n<p><strong>VINYYLI 29,7 kant. S\u00c4IHKEEN S\u00c4PIN\u00c4<\/strong><br \/>Hovi-Ari 23,3 &#8211; Iitaliina 26,6 &#8211; Fabian 22,5<\/p>\n\n\n<p><\/p>\n","protected":false},"excerpt":{"rendered":"<p>CHANDELIER kant. ALL LAID OUTCantab Hall 08,9 &#8211; Brylin Starlet 14,0 &#8211; Balanced Image 13,1 DREAMLINER 13,8 kant. PILGRIMS TAJScarlet Knight 10,0a &#8211; Yatzy Brodda 10,7 &#8211; Alf Palema 11,2 GLITZ MATCH kant. BIG APPLE DELIYankee Glide 11,6 &#8211; North Country Fair 15,3 &#8211; Credit Winner 10,6 GONE WITH WINDSONG 15,1 kant. PATOWindsong\u2019s Legacy 10,2 [&hellip;]<\/p>\n","protected":false},"author":1,"featured_media":0,"parent":0,"menu_order":20,"comment_status":"closed","ping_status":"closed","template":"","meta":{"footnotes":""},"class_list":["post-31","page","type-page","status-publish","hentry"],"_links":{"self":[{"href":"https:\/\/paavilaisentalli.net\/index.php?rest_route=\/wp\/v2\/pages\/31","targetHints":{"allow":["GET"]}}],"collection":[{"href":"https:\/\/paavilaisentalli.net\/index.php?rest_route=\/wp\/v2\/pages"}],"about":[{"href":"https:\/\/paavilaisentalli.net\/index.php?rest_route=\/wp\/v2\/types\/page"}],"author":[{"embeddable":true,"href":"https:\/\/paavilaisentalli.net\/index.php?rest_route=\/wp\/v2\/users\/1"}],"replies":[{"embeddable":true,"href":"https:\/\/paavilaisentalli.net\/index.php?rest_route=%2Fwp%2Fv2%2Fcomments&post=31"}],"version-history":[{"count":51,"href":"https:\/\/paavilaisentalli.net\/index.php?rest_route=\/wp\/v2\/pages\/31\/revisions"}],"predecessor-version":[{"id":1024,"href":"https:\/\/paavilaisentalli.net\/index.php?rest_route=\/wp\/v2\/pages\/31\/revisions\/1024"}],"wp:attachment":[{"href":"https:\/\/paavilaisentalli.net\/index.php?rest_route=%2Fwp%2Fv2%2Fmedia&parent=31"}],"curies":[{"name":"wp","href":"https:\/\/api.w.org\/{rel}","templated":true}]}}