{"id":117,"date":"2011-08-23T09:37:49","date_gmt":"2011-08-23T09:37:49","guid":{"rendered":"http:\/\/demo.summitmedia.fi\/paavilaisentalli\/?page_id=117"},"modified":"2012-02-23T17:13:51","modified_gmt":"2012-02-23T17:13:51","slug":"taysihoito","status":"publish","type":"page","link":"https:\/\/paavilaisentalli.net\/?page_id=117","title":{"rendered":"T\u00e4ysihoito"},"content":{"rendered":"<p>Kes\u00e4ll\u00e4 palvelemme hevosenomistajia laadukkailla laitumilla. Talvikaudella tarjoamme vierotetuille varsoille pihattopaikkoja 1-vuotis kev\u00e4\u00e4seen saakka, sek\u00e4 tammoille t\u00e4yshoitopaikkoja.<\/p>\n<p>&nbsp;<\/p>\n","protected":false},"excerpt":{"rendered":"<p>Kes\u00e4ll\u00e4 palvelemme hevosenomistajia laadukkailla laitumilla. Talvikaudella tarjoamme vierotetuille varsoille pihattopaikkoja 1-vuotis kev\u00e4\u00e4seen saakka, sek\u00e4 tammoille t\u00e4yshoitopaikkoja. &nbsp;<\/p>\n","protected":false},"author":1,"featured_media":0,"parent":0,"menu_order":30,"comment_status":"open","ping_status":"open","template":"","meta":{"footnotes":""},"class_list":["post-117","page","type-page","status-publish","hentry"],"_links":{"self":[{"href":"https:\/\/paavilaisentalli.net\/index.php?rest_route=\/wp\/v2\/pages\/117","targetHints":{"allow":["GET"]}}],"collection":[{"href":"https:\/\/paavilaisentalli.net\/index.php?rest_route=\/wp\/v2\/pages"}],"about":[{"href":"https:\/\/paavilaisentalli.net\/index.php?rest_route=\/wp\/v2\/types\/page"}],"author":[{"embeddable":true,"href":"https:\/\/paavilaisentalli.net\/index.php?rest_route=\/wp\/v2\/users\/1"}],"replies":[{"embeddable":true,"href":"https:\/\/paavilaisentalli.net\/index.php?rest_route=%2Fwp%2Fv2%2Fcomments&post=117"}],"version-history":[{"count":9,"href":"https:\/\/paavilaisentalli.net\/index.php?rest_route=\/wp\/v2\/pages\/117\/revisions"}],"predecessor-version":[{"id":245,"href":"https:\/\/paavilaisentalli.net\/index.php?rest_route=\/wp\/v2\/pages\/117\/revisions\/245"}],"wp:attachment":[{"href":"https:\/\/paavilaisentalli.net\/index.php?rest_route=%2Fwp%2Fv2%2Fmedia&parent=117"}],"curies":[{"name":"wp","href":"https:\/\/api.w.org\/{rel}","templated":true}]}}