{"id":1118,"date":"2026-04-26T19:29:11","date_gmt":"2026-04-26T19:29:11","guid":{"rendered":"https:\/\/paavilaisentalli.net\/?page_id=1118"},"modified":"2026-04-26T19:29:11","modified_gmt":"2026-04-26T19:29:11","slug":"soketti","status":"publish","type":"page","link":"https:\/\/paavilaisentalli.net\/?page_id=1118","title":{"rendered":"SOKETTI"},"content":{"rendered":"\n<figure class=\"wp-block-image size-full\"><a href=\"https:\/\/paavilaisentalli.net\/wp-content\/uploads\/2026\/04\/soketti.jpg\"><img loading=\"lazy\" decoding=\"async\" width=\"850\" height=\"573\" src=\"https:\/\/paavilaisentalli.net\/wp-content\/uploads\/2026\/04\/soketti.jpg\" alt=\"\" class=\"wp-image-1106\" srcset=\"https:\/\/paavilaisentalli.net\/wp-content\/uploads\/2026\/04\/soketti.jpg 850w, https:\/\/paavilaisentalli.net\/wp-content\/uploads\/2026\/04\/soketti-300x202.jpg 300w, https:\/\/paavilaisentalli.net\/wp-content\/uploads\/2026\/04\/soketti-768x518.jpg 768w\" sizes=\"auto, (max-width: 850px) 100vw, 850px\" \/><\/a><\/figure>\n\n\n\n<p class=\"has-medium-font-size\"><strong>SIPORI 19,4a &#8211; LARVAN HERTTA 27,5 &#8211; ERIKASSON 20,2a<\/strong><\/p>\n\n\n\n<p>Vasta uransa alkupuolella oleva Soketti on voitontahtoinen kilpahevonen, joka on voittanut reilusti yli kolmanneksen kilpailuistaan (totossa 75 %).\u00a0<\/p>\n\n\n\n<p>Soketti on em\u00e4ns\u00e4 Larvan Hertan ensimm\u00e4inen varsa. Em\u00e4n toinen kilpaillut j\u00e4lkel\u00e4inen on Comennus 29,6ake.<br><\/p>\n\n\n\n<p>2. em\u00e4 Larvan Hilima on j\u00e4tt\u00e4nyt valiojuoksija Larvan Hurmoksen 21,4aly 133 880 \u20ac sek\u00e4 kaksi t\u00e4htijuoksijaa: Soketin em\u00e4n lis\u00e4ksi Larvan Urho 28,2ake.<\/p>\n\n\n\n<p><strong>Maksut 2026<\/strong><\/p>\n\n\n\n<p>Varausmaksu: 320 \u20ac + ELL kulut <br>Siirrot sopimuksen mukaan.<br>Varsamaksu 600 \u20ac <br>(Hinnat sis\u00e4lt\u00e4v\u00e4t arvonlis\u00e4veron 25,5 %)<\/p>\n","protected":false},"excerpt":{"rendered":"<p>SIPORI 19,4a &#8211; LARVAN HERTTA 27,5 &#8211; ERIKASSON 20,2a Vasta uransa alkupuolella oleva Soketti on voitontahtoinen kilpahevonen, joka on voittanut reilusti yli kolmanneksen kilpailuistaan (totossa 75 %).\u00a0 Soketti on em\u00e4ns\u00e4 Larvan Hertan ensimm\u00e4inen varsa. Em\u00e4n toinen kilpaillut j\u00e4lkel\u00e4inen on Comennus 29,6ake. 2. em\u00e4 Larvan Hilima on j\u00e4tt\u00e4nyt valiojuoksija Larvan Hurmoksen 21,4aly 133 880 \u20ac sek\u00e4 [&hellip;]<\/p>\n","protected":false},"author":4,"featured_media":0,"parent":388,"menu_order":0,"comment_status":"closed","ping_status":"closed","template":"","meta":{"footnotes":""},"class_list":["post-1118","page","type-page","status-publish","hentry"],"_links":{"self":[{"href":"https:\/\/paavilaisentalli.net\/index.php?rest_route=\/wp\/v2\/pages\/1118","targetHints":{"allow":["GET"]}}],"collection":[{"href":"https:\/\/paavilaisentalli.net\/index.php?rest_route=\/wp\/v2\/pages"}],"about":[{"href":"https:\/\/paavilaisentalli.net\/index.php?rest_route=\/wp\/v2\/types\/page"}],"author":[{"embeddable":true,"href":"https:\/\/paavilaisentalli.net\/index.php?rest_route=\/wp\/v2\/users\/4"}],"replies":[{"embeddable":true,"href":"https:\/\/paavilaisentalli.net\/index.php?rest_route=%2Fwp%2Fv2%2Fcomments&post=1118"}],"version-history":[{"count":1,"href":"https:\/\/paavilaisentalli.net\/index.php?rest_route=\/wp\/v2\/pages\/1118\/revisions"}],"predecessor-version":[{"id":1119,"href":"https:\/\/paavilaisentalli.net\/index.php?rest_route=\/wp\/v2\/pages\/1118\/revisions\/1119"}],"up":[{"embeddable":true,"href":"https:\/\/paavilaisentalli.net\/index.php?rest_route=\/wp\/v2\/pages\/388"}],"wp:attachment":[{"href":"https:\/\/paavilaisentalli.net\/index.php?rest_route=%2Fwp%2Fv2%2Fmedia&parent=1118"}],"curies":[{"name":"wp","href":"https:\/\/api.w.org\/{rel}","templated":true}]}}