{"id":1073,"date":"2024-02-14T20:50:17","date_gmt":"2024-02-14T20:50:17","guid":{"rendered":"https:\/\/paavilaisentalli.net\/?page_id=1073"},"modified":"2025-03-13T19:59:01","modified_gmt":"2025-03-13T19:59:01","slug":"uncle-lasse","status":"publish","type":"page","link":"https:\/\/paavilaisentalli.net\/?page_id=1073","title":{"rendered":"Uncle Lasse"},"content":{"rendered":"\n<p class=\"has-medium-font-size\"><\/p>\n\n\n\n<figure class=\"wp-block-image size-large\"><a href=\"https:\/\/paavilaisentalli.net\/wp-content\/uploads\/2024\/02\/uncle-lasse.jpg\"><img loading=\"lazy\" decoding=\"async\" width=\"1024\" height=\"807\" src=\"https:\/\/paavilaisentalli.net\/wp-content\/uploads\/2024\/02\/uncle-lasse-1024x807.jpg\" alt=\"\" class=\"wp-image-1077\" srcset=\"https:\/\/paavilaisentalli.net\/wp-content\/uploads\/2024\/02\/uncle-lasse-1024x807.jpg 1024w, https:\/\/paavilaisentalli.net\/wp-content\/uploads\/2024\/02\/uncle-lasse-300x236.jpg 300w, https:\/\/paavilaisentalli.net\/wp-content\/uploads\/2024\/02\/uncle-lasse-768x605.jpg 768w, https:\/\/paavilaisentalli.net\/wp-content\/uploads\/2024\/02\/uncle-lasse.jpg 1066w\" sizes=\"auto, (max-width: 1024px) 100vw, 1024px\" \/><\/a><\/figure>\n\n\n\n<p class=\"has-medium-font-size\">* <strong>09,3<\/strong> &#8211; 9 149 027 SEK <\/p>\n\n\n\n<p class=\"has-medium-font-size\"><strong>Donato Hanover &#8211; Solveig &#8211; Yankee Glide<\/strong><br><\/p>\n\n\n\n<p><strong>J\u00e4lkel\u00e4isi\u00e4 Suomessa:<\/strong><br>Ninja Zon 11,2<br>Ambrosious 11,8<br>Digthislass 11,8<br>Vince Q.C. 12,7<br>Visual Alert 14,5<\/p>\n\n\n\n<p>Uncle Lassella on maailman paras em\u00e4<\/p>\n\n\n\n<p>Solveigin j\u00e4lkel\u00e4isi\u00e4:<br>* Johnny William  (menestyksek\u00e4s siitosori Kanadassa)<br>* Solvato 1.09,9 6.195.590 kr (voitti Olympiatravet-finaalin)<br>* Dontyouforgetit *1.09,7  $598.049 (juoksi ME-tuloksen kaksivuotiaana)<br>* Shake It Cerry *1.09,2  $2.863.184 (voitti useita klassisia ik\u00e4luokkal\u00e4ht\u00f6j\u00e4 Pohjois-Amerikassa)<br>* Uncle Lasse *1.09,3  9.149.027 kr (voitti Sprinterm\u00e4staren-finaalin EE-tuloksella)<br>* Jimmy William 1.10,2 $129.051 (siitosori ja Hambletonian-osallistuja 2016)<br>* Susy *1.11,6 $82.608 (voitti Champlain Stakesin (60 000 USD) viiden mitan marginaalilla)<br>* Fellowship Of Two (myytiin Lexingtonin huutokaupassa 415 000 USD hintaan)<br>* Aunt Irene (s.18) *1.11,5 $124.988 (voittanut 1.11,5a tuloksella)<\/p>\n\n\n\n<p>\u00d6rjan Kihlstr\u00f6m: <em>&#8221;Uncle Lasse on juoksutekniikaltaan paras hevonen, jolla olen koskaan ajanut&#8221; <\/em><\/p>\n\n\n\n<p><strong>Maksut 2025<\/strong><\/p>\n\n\n\n<p>Varausmaksu: 320 \u20ac + ELL-kulut <br>Siirrot sopimuksen mukaan<br>Varsamaksu: 2 500 \u20ac <br>Hinnat sis\u00e4lt\u00e4v\u00e4t arvonlis\u00e4veron 25,5 %.<\/p>\n\n\n\n<p><\/p>\n","protected":false},"excerpt":{"rendered":"<p>* 09,3 &#8211; 9 149 027 SEK Donato Hanover &#8211; Solveig &#8211; Yankee Glide J\u00e4lkel\u00e4isi\u00e4 Suomessa:Ninja Zon 11,2Ambrosious 11,8Digthislass 11,8Vince Q.C. 12,7Visual Alert 14,5 Uncle Lassella on maailman paras em\u00e4 Solveigin j\u00e4lkel\u00e4isi\u00e4:* Johnny William (menestyksek\u00e4s siitosori Kanadassa)* Solvato 1.09,9 6.195.590 kr (voitti Olympiatravet-finaalin)* Dontyouforgetit *1.09,7 $598.049 (juoksi ME-tuloksen kaksivuotiaana)* Shake It Cerry *1.09,2 $2.863.184 (voitti [&hellip;]<\/p>\n","protected":false},"author":4,"featured_media":0,"parent":388,"menu_order":4,"comment_status":"closed","ping_status":"closed","template":"","meta":{"footnotes":""},"class_list":["post-1073","page","type-page","status-publish","hentry"],"_links":{"self":[{"href":"https:\/\/paavilaisentalli.net\/index.php?rest_route=\/wp\/v2\/pages\/1073","targetHints":{"allow":["GET"]}}],"collection":[{"href":"https:\/\/paavilaisentalli.net\/index.php?rest_route=\/wp\/v2\/pages"}],"about":[{"href":"https:\/\/paavilaisentalli.net\/index.php?rest_route=\/wp\/v2\/types\/page"}],"author":[{"embeddable":true,"href":"https:\/\/paavilaisentalli.net\/index.php?rest_route=\/wp\/v2\/users\/4"}],"replies":[{"embeddable":true,"href":"https:\/\/paavilaisentalli.net\/index.php?rest_route=%2Fwp%2Fv2%2Fcomments&post=1073"}],"version-history":[{"count":4,"href":"https:\/\/paavilaisentalli.net\/index.php?rest_route=\/wp\/v2\/pages\/1073\/revisions"}],"predecessor-version":[{"id":1088,"href":"https:\/\/paavilaisentalli.net\/index.php?rest_route=\/wp\/v2\/pages\/1073\/revisions\/1088"}],"up":[{"embeddable":true,"href":"https:\/\/paavilaisentalli.net\/index.php?rest_route=\/wp\/v2\/pages\/388"}],"wp:attachment":[{"href":"https:\/\/paavilaisentalli.net\/index.php?rest_route=%2Fwp%2Fv2%2Fmedia&parent=1073"}],"curies":[{"name":"wp","href":"https:\/\/api.w.org\/{rel}","templated":true}]}}