{"id":1066,"date":"2024-02-14T20:39:11","date_gmt":"2024-02-14T20:39:11","guid":{"rendered":"https:\/\/paavilaisentalli.net\/?page_id=1066"},"modified":"2026-04-26T19:21:17","modified_gmt":"2026-04-26T19:21:17","slug":"h-v-tuuri","status":"publish","type":"page","link":"https:\/\/paavilaisentalli.net\/?page_id=1066","title":{"rendered":"H.V. Tuuri"},"content":{"rendered":"\n<figure class=\"wp-block-image size-large\"><a href=\"https:\/\/paavilaisentalli.net\/wp-content\/uploads\/2024\/02\/H.V.-Tuuri-8676.jpg\"><img loading=\"lazy\" decoding=\"async\" width=\"1024\" height=\"683\" src=\"https:\/\/paavilaisentalli.net\/wp-content\/uploads\/2024\/02\/H.V.-Tuuri-8676-1024x683.jpg\" alt=\"\" class=\"wp-image-1067\" srcset=\"https:\/\/paavilaisentalli.net\/wp-content\/uploads\/2024\/02\/H.V.-Tuuri-8676-1024x683.jpg 1024w, https:\/\/paavilaisentalli.net\/wp-content\/uploads\/2024\/02\/H.V.-Tuuri-8676-300x200.jpg 300w, https:\/\/paavilaisentalli.net\/wp-content\/uploads\/2024\/02\/H.V.-Tuuri-8676-768x512.jpg 768w, https:\/\/paavilaisentalli.net\/wp-content\/uploads\/2024\/02\/H.V.-Tuuri-8676-1536x1024.jpg 1536w, https:\/\/paavilaisentalli.net\/wp-content\/uploads\/2024\/02\/H.V.-Tuuri-8676.jpg 2048w\" sizes=\"auto, (max-width: 1024px) 100vw, 1024px\" \/><\/a><\/figure>\n\n\n\n<p class=\"has-medium-font-size\"><strong>18,6aly &#8211; 387 525 \u20ac<\/strong><\/p>\n\n\n\n<p class=\"has-medium-font-size\"><strong>Turo &#8211; H.V. Kipin\u00e4 &#8211; S\u00e4ken\u00f6i Voimaa<\/strong><\/p>\n\n\n\n<p><\/p>\n\n\n\n<p>H.V. Tuuri on kilpaillut nelj\u00e4ss\u00e4 eri maassa \u2013 ja viel\u00e4p\u00e4 erinomaisella menestyksell\u00e4: Ranskassa kaksi starttia ja kaksi voittoa, Ruotsista Elitkampenin kakkostila, Norjasta Alm Svartens \u00c5resl\u00f6pin voitto sek\u00e4 muun muassa sellaiset legendaariset kotimaiset suurkilpailuvoitot kuin Suurmestaruus ja Nordic King, sek\u00e4 hopeakuninkuus.<\/p>\n\n\n\n<p>H.V. Tuurin ainoa kilpailuik\u00e4inen ik\u00e4luokka on nyt 6-vuotias. Sen viidesta el\u00e4v\u00e4st\u00e4 varsasta Laurilan<br>Jokeri juoksi jo 4-vuotiaana t\u00e4htijuoksijaksi ja Leonard Rohkea viime vuonna 5-vuotiaana. Kaksi muuta on juossut huippujuoksija-ajan. <\/p>\n\n\n\n<p><\/p>\n\n\n\n<p>Mainio aloitus siitoksessa, vai mit\u00e4?<\/p>\n\n\n\n<p><strong>Maksut 2026<\/strong><\/p>\n\n\n\n<p>Varausmaksu: 320 \u20ac + ELL-kulut <br>Siirrot sopimuksen mukaan<br>Varsamaksu: 800 \u20ac (ei alv)<\/p>\n\n\n\n<p><\/p>\n","protected":false},"excerpt":{"rendered":"<p>18,6aly &#8211; 387 525 \u20ac Turo &#8211; H.V. Kipin\u00e4 &#8211; S\u00e4ken\u00f6i Voimaa H.V. Tuuri on kilpaillut nelj\u00e4ss\u00e4 eri maassa \u2013 ja viel\u00e4p\u00e4 erinomaisella menestyksell\u00e4: Ranskassa kaksi starttia ja kaksi voittoa, Ruotsista Elitkampenin kakkostila, Norjasta Alm Svartens \u00c5resl\u00f6pin voitto sek\u00e4 muun muassa sellaiset legendaariset kotimaiset suurkilpailuvoitot kuin Suurmestaruus ja Nordic King, sek\u00e4 hopeakuninkuus. H.V. Tuurin ainoa [&hellip;]<\/p>\n","protected":false},"author":4,"featured_media":0,"parent":388,"menu_order":4,"comment_status":"closed","ping_status":"closed","template":"","meta":{"footnotes":""},"class_list":["post-1066","page","type-page","status-publish","hentry"],"_links":{"self":[{"href":"https:\/\/paavilaisentalli.net\/index.php?rest_route=\/wp\/v2\/pages\/1066","targetHints":{"allow":["GET"]}}],"collection":[{"href":"https:\/\/paavilaisentalli.net\/index.php?rest_route=\/wp\/v2\/pages"}],"about":[{"href":"https:\/\/paavilaisentalli.net\/index.php?rest_route=\/wp\/v2\/types\/page"}],"author":[{"embeddable":true,"href":"https:\/\/paavilaisentalli.net\/index.php?rest_route=\/wp\/v2\/users\/4"}],"replies":[{"embeddable":true,"href":"https:\/\/paavilaisentalli.net\/index.php?rest_route=%2Fwp%2Fv2%2Fcomments&post=1066"}],"version-history":[{"count":2,"href":"https:\/\/paavilaisentalli.net\/index.php?rest_route=\/wp\/v2\/pages\/1066\/revisions"}],"predecessor-version":[{"id":1112,"href":"https:\/\/paavilaisentalli.net\/index.php?rest_route=\/wp\/v2\/pages\/1066\/revisions\/1112"}],"up":[{"embeddable":true,"href":"https:\/\/paavilaisentalli.net\/index.php?rest_route=\/wp\/v2\/pages\/388"}],"wp:attachment":[{"href":"https:\/\/paavilaisentalli.net\/index.php?rest_route=%2Fwp%2Fv2%2Fmedia&parent=1066"}],"curies":[{"name":"wp","href":"https:\/\/api.w.org\/{rel}","templated":true}]}}