{"id":1047,"date":"2023-03-11T20:07:41","date_gmt":"2023-03-11T20:07:41","guid":{"rendered":"https:\/\/paavilaisentalli.net\/?page_id=1047"},"modified":"2026-04-26T19:20:44","modified_gmt":"2026-04-26T19:20:44","slug":"win-b-hill","status":"publish","type":"page","link":"https:\/\/paavilaisentalli.net\/?page_id=1047","title":{"rendered":"Win B.Hill"},"content":{"rendered":"\n<figure class=\"wp-block-image size-full\"><a href=\"https:\/\/paavilaisentalli.net\/wp-content\/uploads\/2023\/03\/Win-B.Hill-heat-1_.jpg\"><img loading=\"lazy\" decoding=\"async\" width=\"900\" height=\"591\" src=\"https:\/\/paavilaisentalli.net\/wp-content\/uploads\/2023\/03\/Win-B.Hill-heat-1_.jpg\" alt=\"\" class=\"wp-image-1048\" srcset=\"https:\/\/paavilaisentalli.net\/wp-content\/uploads\/2023\/03\/Win-B.Hill-heat-1_.jpg 900w, https:\/\/paavilaisentalli.net\/wp-content\/uploads\/2023\/03\/Win-B.Hill-heat-1_-300x197.jpg 300w, https:\/\/paavilaisentalli.net\/wp-content\/uploads\/2023\/03\/Win-B.Hill-heat-1_-768x504.jpg 768w\" sizes=\"auto, (max-width: 900px) 100vw, 900px\" \/><\/a><figcaption class=\"wp-element-caption\">Foto: Micke Gustafsson\/ALN <\/figcaption><\/figure>\n\n\n<\/p>\n<table id=\"pedigree\" border=\"1\" width=\"100%\">\n<tbody>\n<tr>\n<td rowspan=\"4\" width=\"145\">Muscle Hill 08,5a<\/td>\n<td rowspan=\"2\" width=\"164\">Muscles Yankee 09,9a<\/td>\n<td width=\"273\">Valley Victory 11,8a<\/td>\n<\/tr>\n<tr>\n<td>Maiden Yankee 13,6a<\/td>\n<\/tr>\n<tr>\n<td rowspan=\"2\">Yankee Blondie 12,8a<\/td>\n<td>American Winner 10,0a<\/td>\n<\/tr>\n<tr>\n<td>Yankee Bambi &#8211;<\/td>\n<\/tr>\n<tr>\n<td rowspan=\"4\">Win B. 12,0a<\/td>\n<td rowspan=\"2\">Tagliabue 10,6a<\/td>\n<td>Super Bowl 12,3a<\/td>\n<\/tr>\n<tr>\n<td>Double Coverage &#8211;<\/td>\n<\/tr>\n<tr>\n<td rowspan=\"2\">Regression 15,9a<\/td>\n<td>Town Escot 13,2a<\/td>\n<\/tr>\n<tr>\n<td>Winsomuch<\/td>\n<\/tr>\n<\/tbody>\n<\/table>\n<h1><span style=\"font-family: Ubuntu;\">Muscle Hill &#8211; Win B. &#8211; Tagliabue<\/span><\/h1>\n\n\n<p>Timo Nurmos: \u201dKapasiteetiltaan Elitloppet-tasoa\u201d <\/p>\n\n\n\n<p>Em\u00e4 Win B. j\u00e4tt\u00e4nyt my\u00f6s<br>&#8211; Sortie 09,2a (437 205 $)<br>&#8211; Southwind Warsaw 09,9a (427 564 $)<br>&#8211; Southwind Wrangler 11,1a (58 799 $)<\/p>\n\n\n\n<p>Em\u00e4n t\u00e4yssisko Ens Tag Session 12,3a j\u00e4tt\u00e4nyt<br>&#8211; Triumphant Caviar 09,5a (796 794 $)<br>&#8211; Centurion ATM 09,0a (728 894 $)<br>&#8211; Prayer Session 10,5a (775 605 $)<\/p>\n\n\n\n<p>Em\u00e4n toisesta siskosta Ens Brittania 13,1a mm. Tanskassa astuva Ens Snapshot 09,6a (434 248 USD) ja Ens Crescendo 11,4a (1 856 407 NOK). 2. em\u00e4 Regression oli ensimm\u00e4inen tamma maailmassa, joka j\u00e4tti kymmenen virallista haamumaileria.&nbsp;<\/p>\n\n\n\n<p><em>Win B. Hillin em\u00e4linja on yksi viimeaikojen parhaista USA:ssa!<\/em><\/p>\n\n\n\n<p><strong>Maksut 2026<\/strong><\/p>\n\n\n\n<p>Varausmaksu: 320 \u20ac + ELL kulut <br>Siirrot sopimuksen mukaan.<br>Varsamaksu 700 \u20ac<br>(Hinnat sis\u00e4lt\u00e4v\u00e4t arvonlis\u00e4veron 25,5 %)<\/p>\n","protected":false},"excerpt":{"rendered":"<p>Muscle Hill 08,5a Muscles Yankee 09,9a Valley Victory 11,8a Maiden Yankee 13,6a Yankee Blondie 12,8a American Winner 10,0a Yankee Bambi &#8211; Win B. 12,0a Tagliabue 10,6a Super Bowl 12,3a Double Coverage &#8211; Regression 15,9a Town Escot 13,2a Winsomuch Muscle Hill &#8211; Win B. &#8211; Tagliabue Timo Nurmos: \u201dKapasiteetiltaan Elitloppet-tasoa\u201d Em\u00e4 Win B. j\u00e4tt\u00e4nyt my\u00f6s&#8211; Sortie [&hellip;]<\/p>\n","protected":false},"author":4,"featured_media":0,"parent":388,"menu_order":0,"comment_status":"closed","ping_status":"closed","template":"","meta":{"footnotes":""},"class_list":["post-1047","page","type-page","status-publish","hentry"],"_links":{"self":[{"href":"https:\/\/paavilaisentalli.net\/index.php?rest_route=\/wp\/v2\/pages\/1047","targetHints":{"allow":["GET"]}}],"collection":[{"href":"https:\/\/paavilaisentalli.net\/index.php?rest_route=\/wp\/v2\/pages"}],"about":[{"href":"https:\/\/paavilaisentalli.net\/index.php?rest_route=\/wp\/v2\/types\/page"}],"author":[{"embeddable":true,"href":"https:\/\/paavilaisentalli.net\/index.php?rest_route=\/wp\/v2\/users\/4"}],"replies":[{"embeddable":true,"href":"https:\/\/paavilaisentalli.net\/index.php?rest_route=%2Fwp%2Fv2%2Fcomments&post=1047"}],"version-history":[{"count":4,"href":"https:\/\/paavilaisentalli.net\/index.php?rest_route=\/wp\/v2\/pages\/1047\/revisions"}],"predecessor-version":[{"id":1111,"href":"https:\/\/paavilaisentalli.net\/index.php?rest_route=\/wp\/v2\/pages\/1047\/revisions\/1111"}],"up":[{"embeddable":true,"href":"https:\/\/paavilaisentalli.net\/index.php?rest_route=\/wp\/v2\/pages\/388"}],"wp:attachment":[{"href":"https:\/\/paavilaisentalli.net\/index.php?rest_route=%2Fwp%2Fv2%2Fmedia&parent=1047"}],"curies":[{"name":"wp","href":"https:\/\/api.w.org\/{rel}","templated":true}]}}