{"id":1020,"date":"2022-02-03T20:18:28","date_gmt":"2022-02-03T20:18:28","guid":{"rendered":"https:\/\/paavilaisentalli.net\/?page_id=1020"},"modified":"2025-03-13T20:12:45","modified_gmt":"2025-03-13T20:12:45","slug":"greenleaf-slim","status":"publish","type":"page","link":"https:\/\/paavilaisentalli.net\/?page_id=1020","title":{"rendered":"Il Villaggio"},"content":{"rendered":"\n<p><strong>vs. 207 763 \u20ac, st. 80 14-14-10, Andover Hall &#8211; Mabelese- Malabar Man<\/strong><\/p>\n\n\n\n<figure class=\"wp-block-image\"><img loading=\"lazy\" decoding=\"async\" width=\"626\" height=\"404\" src=\"https:\/\/paavilaisentalli.net\/wp-content\/uploads\/2025\/03\/il-villaggio.jpg\" alt=\"\" class=\"wp-image-1097\" srcset=\"https:\/\/paavilaisentalli.net\/wp-content\/uploads\/2025\/03\/il-villaggio.jpg 626w, https:\/\/paavilaisentalli.net\/wp-content\/uploads\/2025\/03\/il-villaggio-300x194.jpg 300w\" sizes=\"auto, (max-width: 626px) 100vw, 626px\" \/><\/figure>\n\n\n\n<p>Hyv\u00e4 kilpahevonen, jonka suku ja eritoten em\u00e4linja kest\u00e4\u00e4 vertailun.<br>Em\u00e4 Mabelesen j\u00e4lkel\u00e4iset tienanneet jo l\u00e4hes 350 000 \u20ac, mm. Elliot Web 12,6ake 114 734 \u20ac. 2. em\u00e4 R. Sweet Hushin j\u00e4lkel\u00e4iset juosseet l\u00e4hes 500 000 \u20ac (mm. R Cowboy 12,7a $286 378, Vice President 12,4a 67 688 \u20ac). <\/p>\n\n\n\n<p>1. em\u00e4 Kindava Hush 12,2a, joka em\u00e4n\u00e4 mm. dollarimiljon\u00e4\u00e4rille Hellava Hush 09,0a. 4. em\u00e4 Quiet Elegancen varsat ovat juosseet radoilta yli miljoona euroa, mm. E.V. Elysee 13,0a \/ 294 715 \u20ac ja E.V. Cane11,3a \/ 359 778 \u20ac. 5. em\u00e4 Namarra j\u00e4tt\u00e4nyt my\u00f6s mm. eliittitamman Divas Crown, josta viisi kruunumiljon\u00e4\u00e4ri\u00e4!<br><\/p>\n\n\n\n<p>Kauempaa em\u00e4linjalta hambovoittaja Yankee Maid (8. em\u00e4), jonka em\u00e4 Elizabeth j\u00e4tti my\u00f6s toisen hambovoittajan, legendaarisen ME-ori Greyhoundin.<\/p>\n\n\n\n<p><strong>Maksut 2025<\/strong><br>Varausmaksu 320 \u20ac + ELL-kulut<br>Siirtomaksu: sopimuksen mukaan<br>Varsamaksu 1 200 \u20ac <br>(Hinnat sis\u00e4lt\u00e4v\u00e4t arvonlis\u00e4veron 25,5 %)<\/p>\n\n\n\n<p><\/p>\n","protected":false},"excerpt":{"rendered":"<p>vs. 207 763 \u20ac, st. 80 14-14-10, Andover Hall &#8211; Mabelese- Malabar Man Hyv\u00e4 kilpahevonen, jonka suku ja eritoten em\u00e4linja kest\u00e4\u00e4 vertailun.Em\u00e4 Mabelesen j\u00e4lkel\u00e4iset tienanneet jo l\u00e4hes 350 000 \u20ac, mm. Elliot Web 12,6ake 114 734 \u20ac. 2. em\u00e4 R. Sweet Hushin j\u00e4lkel\u00e4iset juosseet l\u00e4hes 500 000 \u20ac (mm. R Cowboy 12,7a $286 378, Vice [&hellip;]<\/p>\n","protected":false},"author":4,"featured_media":0,"parent":388,"menu_order":0,"comment_status":"closed","ping_status":"closed","template":"","meta":{"footnotes":""},"class_list":["post-1020","page","type-page","status-publish","hentry"],"_links":{"self":[{"href":"https:\/\/paavilaisentalli.net\/index.php?rest_route=\/wp\/v2\/pages\/1020","targetHints":{"allow":["GET"]}}],"collection":[{"href":"https:\/\/paavilaisentalli.net\/index.php?rest_route=\/wp\/v2\/pages"}],"about":[{"href":"https:\/\/paavilaisentalli.net\/index.php?rest_route=\/wp\/v2\/types\/page"}],"author":[{"embeddable":true,"href":"https:\/\/paavilaisentalli.net\/index.php?rest_route=\/wp\/v2\/users\/4"}],"replies":[{"embeddable":true,"href":"https:\/\/paavilaisentalli.net\/index.php?rest_route=%2Fwp%2Fv2%2Fcomments&post=1020"}],"version-history":[{"count":5,"href":"https:\/\/paavilaisentalli.net\/index.php?rest_route=\/wp\/v2\/pages\/1020\/revisions"}],"predecessor-version":[{"id":1098,"href":"https:\/\/paavilaisentalli.net\/index.php?rest_route=\/wp\/v2\/pages\/1020\/revisions\/1098"}],"up":[{"embeddable":true,"href":"https:\/\/paavilaisentalli.net\/index.php?rest_route=\/wp\/v2\/pages\/388"}],"wp:attachment":[{"href":"https:\/\/paavilaisentalli.net\/index.php?rest_route=%2Fwp%2Fv2%2Fmedia&parent=1020"}],"curies":[{"name":"wp","href":"https:\/\/api.w.org\/{rel}","templated":true}]}}