{"id":1009,"date":"2021-04-14T19:24:47","date_gmt":"2021-04-14T19:24:47","guid":{"rendered":"https:\/\/paavilaisentalli.net\/?page_id=1009"},"modified":"2025-03-13T20:09:59","modified_gmt":"2025-03-13T20:09:59","slug":"pato","status":"publish","type":"page","link":"https:\/\/paavilaisentalli.net\/?page_id=1009","title":{"rendered":"M S Triple J"},"content":{"rendered":"\n<p><strong>enn. 10,2aly &#8211; 10,6ake, vs. 183 045 \u20ac, st. 108 14-21-16<br>Cantab Hall &#8211; Marita\u2019s Victory &#8211; Valley Victory<\/strong><\/p>\n\n\n\n<p><strong>Suku t\u00e4ynn\u00e4 siitosoreja!<\/strong><br><\/p>\n\n\n\n<p>Samasta em\u00e4st\u00e4:<br>FROM ABOVE U.S. 09,9a<br>QUITE EASY 11,1a<br><\/p>\n\n\n\n<figure class=\"wp-block-image\"><img loading=\"lazy\" decoding=\"async\" width=\"1020\" height=\"687\" src=\"https:\/\/paavilaisentalli.net\/wp-content\/uploads\/2025\/03\/ms-triple-uj.jpg\" alt=\"\" class=\"wp-image-1092\" srcset=\"https:\/\/paavilaisentalli.net\/wp-content\/uploads\/2025\/03\/ms-triple-uj.jpg 1020w, https:\/\/paavilaisentalli.net\/wp-content\/uploads\/2025\/03\/ms-triple-uj-300x202.jpg 300w, https:\/\/paavilaisentalli.net\/wp-content\/uploads\/2025\/03\/ms-triple-uj-768x517.jpg 768w\" sizes=\"auto, (max-width: 1020px) 100vw, 1020px\" \/><\/figure>\n\n\n\n<p>Em\u00e4nem\u00e4st\u00e4:<br>MR CANTAB 10,6a<br>MR VIC 11,1a<\/p>\n\n\n\n<p>3. em\u00e4 sama:<br>MUSCLE MASS 10,7a<br>MUSCLE MASSIVE 09,0a<\/p>\n\n\n\n<p>M S Triple J:ll\u00e4 on hurja t\u00e4yden matkan enn\u00e4tys 10,6ake, joka alittaa kyseisen matkan voimassaolevan SE-tuloksen nelj\u00e4ll\u00e4 kymmenyksell\u00e4!<\/p>\n\n\n\n<p>Em\u00e4 Marita\u2019s Victory on yksi maailman parhaista. Se voitti urallaan mm. Hambletonian Oaksin ja tienasi l\u00e4hes 700 000 dollaria. Sen j\u00e4lkel\u00e4isi\u00e4 ovat yll\u00e4mainittujen siitosoriiden From Above U.S.: ja Quite Easy lis\u00e4ksi mm. ruunat Stick Man Moe 09,7a (vs. l\u00e4hes 400 000 USD) ja Exclamation Mark 10,2a (vs. yli miljoona kruunua).<\/p>\n\n\n\n<p>2. em\u00e4n j\u00e4lkel\u00e4isist\u00e4 Passionate Glide 09,8a(3) tienasi yli 2 miljoonaa dollaria ja voitti my\u00f6s Hambletonian Oaksin. Ori Mr Cantab 10,6a(3) on j\u00e4tt\u00e4nyt mm. ME-ruunan Homicide Hunter 07,6a(3).<\/p>\n\n\n\n<p><strong>Maksut 2025<\/strong><br>Astutusmaksu 320 \u20ac + ELL-kulut  (sis. alv.)<br>Siirrot sopimuksen mukaan.<br>Varsamaksu 1 100 \u20ac (ei alv.)<\/p>\n\n\n\n<p><\/p>\n","protected":false},"excerpt":{"rendered":"<p>enn. 10,2aly &#8211; 10,6ake, vs. 183 045 \u20ac, st. 108 14-21-16Cantab Hall &#8211; Marita\u2019s Victory &#8211; Valley Victory Suku t\u00e4ynn\u00e4 siitosoreja! Samasta em\u00e4st\u00e4:FROM ABOVE U.S. 09,9aQUITE EASY 11,1a Em\u00e4nem\u00e4st\u00e4:MR CANTAB 10,6aMR VIC 11,1a 3. em\u00e4 sama:MUSCLE MASS 10,7aMUSCLE MASSIVE 09,0a M S Triple J:ll\u00e4 on hurja t\u00e4yden matkan enn\u00e4tys 10,6ake, joka alittaa kyseisen matkan voimassaolevan [&hellip;]<\/p>\n","protected":false},"author":4,"featured_media":0,"parent":388,"menu_order":5,"comment_status":"closed","ping_status":"closed","template":"","meta":{"footnotes":""},"class_list":["post-1009","page","type-page","status-publish","hentry"],"_links":{"self":[{"href":"https:\/\/paavilaisentalli.net\/index.php?rest_route=\/wp\/v2\/pages\/1009","targetHints":{"allow":["GET"]}}],"collection":[{"href":"https:\/\/paavilaisentalli.net\/index.php?rest_route=\/wp\/v2\/pages"}],"about":[{"href":"https:\/\/paavilaisentalli.net\/index.php?rest_route=\/wp\/v2\/types\/page"}],"author":[{"embeddable":true,"href":"https:\/\/paavilaisentalli.net\/index.php?rest_route=\/wp\/v2\/users\/4"}],"replies":[{"embeddable":true,"href":"https:\/\/paavilaisentalli.net\/index.php?rest_route=%2Fwp%2Fv2%2Fcomments&post=1009"}],"version-history":[{"count":6,"href":"https:\/\/paavilaisentalli.net\/index.php?rest_route=\/wp\/v2\/pages\/1009\/revisions"}],"predecessor-version":[{"id":1094,"href":"https:\/\/paavilaisentalli.net\/index.php?rest_route=\/wp\/v2\/pages\/1009\/revisions\/1094"}],"up":[{"embeddable":true,"href":"https:\/\/paavilaisentalli.net\/index.php?rest_route=\/wp\/v2\/pages\/388"}],"wp:attachment":[{"href":"https:\/\/paavilaisentalli.net\/index.php?rest_route=%2Fwp%2Fv2%2Fmedia&parent=1009"}],"curies":[{"name":"wp","href":"https:\/\/api.w.org\/{rel}","templated":true}]}}